{"id":1585,"date":"2025-09-12T16:27:08","date_gmt":"2025-09-12T08:27:08","guid":{"rendered":"http:\/\/www.bestsmiletech.com\/?post_type=product&#038;p=1585"},"modified":"2025-09-12T16:27:09","modified_gmt":"2025-09-12T08:27:09","slug":"essence-retainers","status":"publish","type":"product","link":"https:\/\/www.bestsmiletech.com\/de\/product\/essence-retainers\/","title":{"rendered":"Essenz Zahnspangen"},"content":{"rendered":"<p><strong><b>Essence Zahnspangen: Der letzte Schliff f\u00fcr Ihr perfektes L\u00e4cheln<\/b><\/strong><\/p>\n<p>Sie haben in die Entwicklung Ihres L\u00e4chelns investiert, und jetzt ist es an der Zeit, diese Investition ein Leben lang zu sch\u00fctzen. Essence Retainer sind die ultimativen W\u00e4chter Ihrer kieferorthop\u00e4dischen Ergebnisse. Sie wurden sorgf\u00e4ltig aus medizinischem Polymer der n\u00e4chsten Generation hergestellt und bieten eine makellose Kombination aus unersch\u00fctterlicher Stabilit\u00e4t, ganzt\u00e4gigem Komfort und diskreter Eleganz.<\/p>\n<p><strong><b>Dr\u00fccken Sie Ihren Stil aus: Ein Spektrum von vier kuratierten Farbt\u00f6nen<\/b><\/strong><\/p>\n<p>Wir sind der Meinung, dass Ihre Zahnspange Ihre Pers\u00f6nlichkeit erg\u00e4nzen sollte, nicht nur Ihre Z\u00e4hne. W\u00e4hlen Sie einen Farbton, der zu Ihrem Lebensstil und Ihrer \u00c4sthetik passt.<\/p>\n<p><strong><b>Asiatisch Wei\u00df:<\/b><\/strong><strong><b>\u00a0<\/b><\/strong>Fachm\u00e4nnisch kalibriert, um mit den nat\u00fcrlichen Zahnfarben der asiatischen Bev\u00f6lkerung zu harmonieren. Es bietet einen subtilen, aufhellenden Effekt f\u00fcr ein nat\u00fcrliches, lebendiges und poliertes Aussehen, perfekt f\u00fcr den beruflichen und gesellschaftlichen Alltag.<\/p>\n<p><strong><b>Hollywood White:<\/b><\/strong><strong><b>\u00a0<\/b><\/strong>F\u00fcr alle, die ein strahlend helles, kamerataugliches L\u00e4cheln lieben. Diese Nuance bietet einen sp\u00fcrbaren Aufhellungseffekt und sorgt f\u00fcr einen strahlenden Glanz wie auf einem roten Teppich, der bei besonderen Anl\u00e4ssen Selbstvertrauen ausstrahlt.<\/p>\n<p><strong><b>Kristallklar:<\/b><\/strong><strong><b>\u00a0<\/b><\/strong>Die klassische Wahl f\u00fcr ultimative Diskretion. Hergestellt aus unserem ultratransparenten Material, ist es praktisch nicht zu erkennen und bietet Ihnen unsichtbares Vertrauen und Seelenfrieden. Es ist das Geheimnis, wie Sie Ihr L\u00e4cheln bewahren k\u00f6nnen, ohne dass es jemand merkt.<\/p>\n<p><strong><b>Onyx Schwarz:<\/b><\/strong><strong><b>\u00a0<\/b><\/strong>Ein mutiges Statement f\u00fcr Individualit\u00e4t und modernen Stil. Setzen Sie sich \u00fcber Konventionen hinweg und kreieren Sie einen Look, der einzigartig ist. Perfekt f\u00fcr einen modischen Auftritt oder als Accessoire f\u00fcr einen unverwechselbaren pers\u00f6nlichen Stil.<\/p>\n<p><strong><b>Entwickelt f\u00fcr \u00fcberragende Leistung<\/b><\/strong><\/p>\n<p><strong><b>Pr\u00e4zise Passform:<\/b><\/strong><strong><b>\u00a0<\/b><\/strong>Mit modernster 3D-Drucktechnologie digital hergestellt, um einen passgenauen, sicheren Sitz zu gew\u00e4hrleisten, der ein Verschieben der Z\u00e4hne wirksam verhindert.<\/p>\n<p><strong><b>Ganzt\u00e4giger Komfort:<\/b><\/strong><strong><b>\u00a0<\/b><\/strong>Die Smooer-Technologie sorgt f\u00fcr eine sanfte Anpassung an Ihr Zahnfleisch, wodurch Irritationen vermieden werden und es Tag und Nacht leicht zu tragen ist.<\/p>\n<p><strong><b>Langlebig und widerstandsf\u00e4hig:<\/b><\/strong><strong><b>\u00a0<\/b><\/strong>Hergestellt aus einem robusten, schmutzabweisenden Material, das seine Integrit\u00e4t und Klarheit im Laufe der Zeit beibeh\u00e4lt. Die glatte Oberfl\u00e4che verhindert die Bildung von Plaque und erleichtert die Reinigung.<\/p>\n<p><strong><b>Der ewige W\u00e4chter Ihres L\u00e4chelns.<\/b><\/strong><\/p>\n<p>Ganz gleich, ob Sie eine unsichtbare Zahnpflege w\u00fcnschen oder Ihr einzigartiges Flair zum Ausdruck bringen wollen, Essence Retainer sind die zuverl\u00e4ssige, komfortable und stilvolle L\u00f6sung, um Ihr L\u00e4cheln f\u00fcr immer zu bewahren.<\/p>\n<p><strong><b>W\u00e4hlen Sie Ihren Farbton. Sichern Sie Ihr L\u00e4cheln. Gl\u00e4nzen Sie mit Selbstvertrauen.<\/b><\/strong><\/p>","protected":false},"excerpt":{"rendered":"<p>Essence Retainers: The Final, Finishing Touch to Your Perfect Smile You&#8217;ve invested in your smile journey, and now it&#8217;s time to protect that investment for a lifetime. Essence Retainers are the ultimate guardians of your orthodontic results. Meticulously engineered from next-generation, medical-grade polymer, they offer a flawless combination of unwavering stability, all-day comfort, and discreet &hellip;<\/p>\n<p class=\"read-more\"> <a class=\"\" href=\"https:\/\/www.bestsmiletech.com\/de\/product\/essence-retainers\/\"> <span class=\"screen-reader-text\">Essenz Zahnspangen<\/span> Mehr lesen \"<\/a><\/p>","protected":false},"featured_media":1586,"comment_status":"closed","ping_status":"closed","template":"","meta":{"site-sidebar-layout":"default","site-content-layout":"default","ast-global-header-display":"","ast-main-header-display":"","ast-hfb-above-header-display":"","ast-hfb-below-header-display":"","ast-hfb-mobile-header-display":"","site-post-title":"","ast-breadcrumbs-content":"","ast-featured-img":"","footer-sml-layout":"","theme-transparent-header-meta":"default","adv-header-id-meta":"","stick-header-meta":"","header-above-stick-meta":"","header-main-stick-meta":"","header-below-stick-meta":""},"product_cat":[18],"product_tag":[],"class_list":["post-1585","product","type-product","status-publish","has-post-thumbnail","hentry","product_cat-products","desktop-align-left","tablet-align-left","mobile-align-left","ast-product-gallery-layout-vertical-slider","ast-product-tabs-layout-horizontal"],"_links":{"self":[{"href":"https:\/\/www.bestsmiletech.com\/de\/wp-json\/wp\/v2\/product\/1585","targetHints":{"allow":["GET"]}}],"collection":[{"href":"https:\/\/www.bestsmiletech.com\/de\/wp-json\/wp\/v2\/product"}],"about":[{"href":"https:\/\/www.bestsmiletech.com\/de\/wp-json\/wp\/v2\/types\/product"}],"replies":[{"embeddable":true,"href":"https:\/\/www.bestsmiletech.com\/de\/wp-json\/wp\/v2\/comments?post=1585"}],"wp:featuredmedia":[{"embeddable":true,"href":"https:\/\/www.bestsmiletech.com\/de\/wp-json\/wp\/v2\/media\/1586"}],"wp:attachment":[{"href":"https:\/\/www.bestsmiletech.com\/de\/wp-json\/wp\/v2\/media?parent=1585"}],"wp:term":[{"taxonomy":"product_cat","embeddable":true,"href":"https:\/\/www.bestsmiletech.com\/de\/wp-json\/wp\/v2\/product_cat?post=1585"},{"taxonomy":"product_tag","embeddable":true,"href":"https:\/\/www.bestsmiletech.com\/de\/wp-json\/wp\/v2\/product_tag?post=1585"}],"curies":[{"name":"wp","href":"https:\/\/api.w.org\/{rel}","templated":true}]}}