{"id":1590,"date":"2025-09-12T16:28:03","date_gmt":"2025-09-12T08:28:03","guid":{"rendered":"http:\/\/www.bestsmiletech.com\/?post_type=product&#038;p=1590"},"modified":"2025-09-12T16:28:03","modified_gmt":"2025-09-12T08:28:03","slug":"clear-aligners","status":"publish","type":"product","link":"https:\/\/www.bestsmiletech.com\/de\/product\/clear-aligners\/","title":{"rendered":"Klare Aligner"},"content":{"rendered":"<p><strong><b>B<\/b><\/strong><strong><b>est Smile Tech<\/b><\/strong><strong><b>\u00a0Klar <\/b><\/strong><strong><b>Aligner: Die Neudefinition kieferorthop\u00e4discher Spitzenleistungen<\/b><\/strong><\/p>\n<p><strong><b>Personalisierte Behandlung, perfektioniert.<\/b><\/strong><\/p>\n<p>Wir glauben, dass jedes L\u00e4cheln einzigartig ist. Unsere klaren Aligner werden sorgf\u00e4ltig auf der Grundlage der spezifischen klinischen Bed\u00fcrfnisse jedes Patienten hergestellt, um einen Behandlungsplan zu gew\u00e4hrleisten, der eine optimale Korrektur und au\u00dfergew\u00f6hnliche Ergebnisse liefert. Mithilfe fortschrittlicher 3D-Bildgebung und digitaler Behandlungsplanung schaffen wir einen ganz individuellen Weg zu einem ges\u00fcnderen, selbstbewussteren L\u00e4cheln.<\/p>\n<p><strong><b>Hochmoderne Fertigung f\u00fcr \u00fcberragende Pr\u00e4zision<\/b><\/strong><\/p>\n<p>Wir nutzen 3D-Druck und automatisierte Fertigungstechnologien im industriellen Ma\u00dfstab, um Aligner mit un\u00fcbertroffener Genauigkeit und Konsistenz herzustellen. Unsere fortschrittlichen Systeme \u00fcbertreffen die Grenzen der hauseigenen Desktop-Produktion und erm\u00f6glichen eine \u00fcberragende Pr\u00e4zision, verbesserte Materialeigenschaften und eine einwandfreie Passform in jeder Phase der Behandlung.<\/p>\n<p><strong><b>Sterile, staubfreie Produktion f\u00fcr Ihre Sicherheit<\/b><\/strong><\/p>\n<p>Jeder Clear Aligner wird in einer streng kontrollierten, sterilen und staubfreien Umgebung hergestellt. Unser Fokus auf Hygiene und Qualit\u00e4t stellt sicher, dass jeder Aligner und Retainer nicht nur personalisiert ist, sondern auch mit antibakteriellen Eigenschaften ausgestattet ist, um die Mundgesundheit w\u00e4hrend Ihrer gesamten Behandlung zu f\u00f6rdern.<\/p>\n<p><strong><b>Antibakterielles dreilagiges Material f\u00fcr Komfort und Effektivit\u00e4t<\/b><\/strong><\/p>\n<p>Unsere Aligner werden aus einem propriet\u00e4ren dreischichtigen thermoplastischen Polymer hergestellt, das speziell f\u00fcr die kieferorthop\u00e4dische Anwendung entwickelt wurde. Dieses innovative Material kombiniert St\u00e4rke, Flexibilit\u00e4t und Transparenz und bietet gleichzeitig einen antibakteriellen Schutz - so bleiben Ihre Aligner w\u00e4hrend des t\u00e4glichen Tragens frisch, bequem und effektiv.<\/p>\n<p><strong><b>Erleben Sie die Zukunft der Kieferorthop\u00e4die<\/b><\/strong><\/p>\n<p>Mit Best Smile Tech erhalten Sie mehr als nur klare Aligner - Sie profitieren von einer nahtlos integrierten L\u00f6sung, die medizinisches Fachwissen, industrielle Technologie und kompromisslose Qualit\u00e4tsstandards vereint.<\/p>\n<p><strong><b>Entdecken Sie den Unterschied einer wirklich individuellen, pr\u00e4zisionsgefertigten L\u00e4cheltransformation.<\/b><\/strong>\u200b<\/p>","protected":false},"excerpt":{"rendered":"<p>Best Smile Tech\u00a0Clear Aligners: Redefining Orthodontic Excellence\u200b Personalized Treatment, Perfected.\u200b\u200b We believe every smile is unique. Our clear aligners are meticulously crafted based on each patient\u2019s specific clinical needs, ensuring a treatment plan that delivers optimal correction and exceptional results. Through advanced 3D imaging and digital treatment planning, we create a fully customized path to &hellip;<\/p>\n<p class=\"read-more\"> <a class=\"\" href=\"https:\/\/www.bestsmiletech.com\/de\/product\/clear-aligners\/\"> <span class=\"screen-reader-text\">Klare Aligner<\/span> Mehr lesen \"<\/a><\/p>","protected":false},"featured_media":1591,"comment_status":"closed","ping_status":"closed","template":"","meta":{"site-sidebar-layout":"default","site-content-layout":"default","ast-global-header-display":"","ast-main-header-display":"","ast-hfb-above-header-display":"","ast-hfb-below-header-display":"","ast-hfb-mobile-header-display":"","site-post-title":"","ast-breadcrumbs-content":"","ast-featured-img":"","footer-sml-layout":"","theme-transparent-header-meta":"default","adv-header-id-meta":"","stick-header-meta":"","header-above-stick-meta":"","header-main-stick-meta":"","header-below-stick-meta":""},"product_cat":[18],"product_tag":[],"class_list":["post-1590","product","type-product","status-publish","has-post-thumbnail","hentry","product_cat-products","desktop-align-left","tablet-align-left","mobile-align-left","ast-product-gallery-layout-vertical-slider","ast-product-tabs-layout-horizontal"],"_links":{"self":[{"href":"https:\/\/www.bestsmiletech.com\/de\/wp-json\/wp\/v2\/product\/1590","targetHints":{"allow":["GET"]}}],"collection":[{"href":"https:\/\/www.bestsmiletech.com\/de\/wp-json\/wp\/v2\/product"}],"about":[{"href":"https:\/\/www.bestsmiletech.com\/de\/wp-json\/wp\/v2\/types\/product"}],"replies":[{"embeddable":true,"href":"https:\/\/www.bestsmiletech.com\/de\/wp-json\/wp\/v2\/comments?post=1590"}],"wp:featuredmedia":[{"embeddable":true,"href":"https:\/\/www.bestsmiletech.com\/de\/wp-json\/wp\/v2\/media\/1591"}],"wp:attachment":[{"href":"https:\/\/www.bestsmiletech.com\/de\/wp-json\/wp\/v2\/media?parent=1590"}],"wp:term":[{"taxonomy":"product_cat","embeddable":true,"href":"https:\/\/www.bestsmiletech.com\/de\/wp-json\/wp\/v2\/product_cat?post=1590"},{"taxonomy":"product_tag","embeddable":true,"href":"https:\/\/www.bestsmiletech.com\/de\/wp-json\/wp\/v2\/product_tag?post=1590"}],"curies":[{"name":"wp","href":"https:\/\/api.w.org\/{rel}","templated":true}]}}