{"id":1585,"date":"2025-09-12T16:27:08","date_gmt":"2025-09-12T08:27:08","guid":{"rendered":"http:\/\/www.bestsmiletech.com\/?post_type=product&#038;p=1585"},"modified":"2025-09-12T16:27:09","modified_gmt":"2025-09-12T08:27:09","slug":"essence-retainers","status":"publish","type":"product","link":"https:\/\/www.bestsmiletech.com\/es\/product\/essence-retainers\/","title":{"rendered":"Retenedores Essence"},"content":{"rendered":"<p><strong><b>Retenedores Essence: El toque final para una sonrisa perfecta<\/b><\/strong><\/p>\n<p>Usted ha invertido en el viaje de su sonrisa, y ahora es el momento de proteger esa inversi\u00f3n para toda la vida. Los retenedores Essence son los guardianes definitivos de sus resultados ortod\u00f3ncicos. Fabricados meticulosamente con pol\u00edmero de grado m\u00e9dico de \u00faltima generaci\u00f3n, ofrecen una combinaci\u00f3n perfecta de estabilidad inquebrantable, comodidad durante todo el d\u00eda y elegancia discreta.<\/p>\n<p><strong><b>Exprese su estilo: Un espectro de cuatro tonos seleccionados<\/b><\/strong><\/p>\n<p>Creemos que su retenedor debe complementar su personalidad, no s\u00f3lo sus dientes. Vaya m\u00e1s all\u00e1 del transparente est\u00e1ndar y elija un tono que se adapte a su estilo de vida y a su est\u00e9tica.<\/p>\n<p><strong><b>Blanco asi\u00e1tico:<\/b><\/strong><strong><b>\u00a0<\/b><\/strong>Calibrado por expertos para armonizar con los tonos naturales de los dientes predominantes en la demograf\u00eda asi\u00e1tica. Proporciona un sutil efecto iluminador para un aspecto naturalmente vibrante y pulido, perfecto para entornos profesionales y sociales cotidianos.<\/p>\n<p><strong><b>Hollywood White:<\/b><\/strong><strong><b>\u00a0<\/b><\/strong>Para los amantes de una sonrisa brillante y lista para la c\u00e1mara. Este tono ofrece un notable efecto blanqueador, proporcionando un deslumbrante nivel de brillo de alfombra roja que irradia confianza para las ocasiones especiales.<\/p>\n<p><strong><b>Cristalina:<\/b><\/strong><strong><b>\u00a0<\/b><\/strong>La elecci\u00f3n cl\u00e1sica para la m\u00e1xima discreci\u00f3n. Fabricada con nuestro material ultratransparente, es pr\u00e1cticamente indetectable, ofreci\u00e9ndole una confianza y tranquilidad invisibles. Es el secreto \"nadie lo sabr\u00e1\" para mantener su sonrisa.<\/p>\n<p><strong><b>Negro \u00f3nix:<\/b><\/strong><strong><b>\u00a0<\/b><\/strong>Una audaz declaraci\u00f3n de individualidad y estilo moderno. Desaf\u00eda las convenciones y adopta un look \u00fanico. Perfecta para causar un impacto de moda o como accesorio de un estilo personal distintivo.<\/p>\n<p><strong><b>Dise\u00f1ado para un rendimiento superior<\/b><\/strong><\/p>\n<p><strong><b>Ajuste de precisi\u00f3n:<\/b><\/strong><strong><b>\u00a0<\/b><\/strong>Fabricados digitalmente con la m\u00e1s moderna tecnolog\u00eda de impresi\u00f3n 3D para garantizar un ajuste perfecto y seguro que evite eficazmente el desplazamiento de los dientes.<\/p>\n<p><strong><b>Comodidad durante todo el d\u00eda:<\/b><\/strong><strong><b>\u00a0<\/b><\/strong>Incorpora la tecnolog\u00eda Smooer para un ajuste suave contra las enc\u00edas, eliminando la irritaci\u00f3n y facilitando su uso d\u00eda y noche.<\/p>\n<p><strong><b>Duradero y resistente:<\/b><\/strong><strong><b>\u00a0<\/b><\/strong>Fabricado con un material duro y resistente a las manchas que mantiene su integridad y claridad con el paso del tiempo. La superficie lisa ayuda a evitar la acumulaci\u00f3n de placa para facilitar la limpieza.<\/p>\n<p><strong><b>El guardi\u00e1n eterno de tu sonrisa.<\/b><\/strong><\/p>\n<p>Tanto si busca un mantenimiento invisible como si desea expresar su estilo \u00fanico, los retenedores Essence son la soluci\u00f3n fiable, c\u00f3moda y elegante para conservar su sonrisa para siempre.<\/p>\n<p><strong><b>Elija su tono. Asegure su sonrisa. Brille con confianza.<\/b><\/strong><\/p>","protected":false},"excerpt":{"rendered":"<p>Essence Retainers: The Final, Finishing Touch to Your Perfect Smile You&#8217;ve invested in your smile journey, and now it&#8217;s time to protect that investment for a lifetime. Essence Retainers are the ultimate guardians of your orthodontic results. Meticulously engineered from next-generation, medical-grade polymer, they offer a flawless combination of unwavering stability, all-day comfort, and discreet &hellip;<\/p>\n<p class=\"read-more\"> <a class=\"\" href=\"https:\/\/www.bestsmiletech.com\/es\/product\/essence-retainers\/\"> <span class=\"screen-reader-text\">Retenedores Essence<\/span> Leer m\u00e1s \"<\/a><\/p>","protected":false},"featured_media":1586,"comment_status":"closed","ping_status":"closed","template":"","meta":{"site-sidebar-layout":"default","site-content-layout":"default","ast-global-header-display":"","ast-main-header-display":"","ast-hfb-above-header-display":"","ast-hfb-below-header-display":"","ast-hfb-mobile-header-display":"","site-post-title":"","ast-breadcrumbs-content":"","ast-featured-img":"","footer-sml-layout":"","theme-transparent-header-meta":"default","adv-header-id-meta":"","stick-header-meta":"","header-above-stick-meta":"","header-main-stick-meta":"","header-below-stick-meta":""},"product_cat":[18],"product_tag":[],"class_list":["post-1585","product","type-product","status-publish","has-post-thumbnail","hentry","product_cat-products","desktop-align-left","tablet-align-left","mobile-align-left","ast-product-gallery-layout-vertical-slider","ast-product-tabs-layout-horizontal"],"_links":{"self":[{"href":"https:\/\/www.bestsmiletech.com\/es\/wp-json\/wp\/v2\/product\/1585","targetHints":{"allow":["GET"]}}],"collection":[{"href":"https:\/\/www.bestsmiletech.com\/es\/wp-json\/wp\/v2\/product"}],"about":[{"href":"https:\/\/www.bestsmiletech.com\/es\/wp-json\/wp\/v2\/types\/product"}],"replies":[{"embeddable":true,"href":"https:\/\/www.bestsmiletech.com\/es\/wp-json\/wp\/v2\/comments?post=1585"}],"wp:featuredmedia":[{"embeddable":true,"href":"https:\/\/www.bestsmiletech.com\/es\/wp-json\/wp\/v2\/media\/1586"}],"wp:attachment":[{"href":"https:\/\/www.bestsmiletech.com\/es\/wp-json\/wp\/v2\/media?parent=1585"}],"wp:term":[{"taxonomy":"product_cat","embeddable":true,"href":"https:\/\/www.bestsmiletech.com\/es\/wp-json\/wp\/v2\/product_cat?post=1585"},{"taxonomy":"product_tag","embeddable":true,"href":"https:\/\/www.bestsmiletech.com\/es\/wp-json\/wp\/v2\/product_tag?post=1585"}],"curies":[{"name":"wp","href":"https:\/\/api.w.org\/{rel}","templated":true}]}}