{"id":1590,"date":"2025-09-12T16:28:03","date_gmt":"2025-09-12T08:28:03","guid":{"rendered":"http:\/\/www.bestsmiletech.com\/?post_type=product&#038;p=1590"},"modified":"2025-09-12T16:28:03","modified_gmt":"2025-09-12T08:28:03","slug":"clear-aligners","status":"publish","type":"product","link":"https:\/\/www.bestsmiletech.com\/es\/product\/clear-aligners\/","title":{"rendered":"Alineadores transparentes"},"content":{"rendered":"<p><strong><b>B<\/b><\/strong><strong><b>est Smile Tech<\/b><\/strong><strong><b>\u00a0Claro <\/b><\/strong><strong><b>Alineadores: Redefiniendo la excelencia ortod\u00f3ncica<\/b><\/strong><\/p>\n<p><strong><b>Tratamiento personalizado, perfeccionado.<\/b><\/strong><\/p>\n<p>Creemos que cada sonrisa es \u00fanica. Nuestros alineadores transparentes se elaboran meticulosamente en funci\u00f3n de las necesidades cl\u00ednicas espec\u00edficas de cada paciente, lo que garantiza un plan de tratamiento que ofrece una correcci\u00f3n \u00f3ptima y resultados excepcionales. A trav\u00e9s de im\u00e1genes avanzadas en 3D y la planificaci\u00f3n del tratamiento digital, creamos un camino totalmente personalizado para una sonrisa m\u00e1s sana y segura.<\/p>\n<p><strong><b>Fabricaci\u00f3n de vanguardia para una precisi\u00f3n superior<\/b><\/strong><\/p>\n<p>Aprovechamos la impresi\u00f3n 3D a escala industrial y las tecnolog\u00edas de fabricaci\u00f3n automatizada para producir alineadores con una precisi\u00f3n y consistencia inigualables. Nuestros avanzados sistemas superan las limitaciones de la producci\u00f3n interna de sobremesa, lo que permite una precisi\u00f3n superior, mejores propiedades de los materiales y un ajuste perfecto en todas las fases del tratamiento.<\/p>\n<p><strong><b>Producci\u00f3n est\u00e9ril y sin polvo para su seguridad<\/b><\/strong><\/p>\n<p>Cada alineador Clear se fabrica en un entorno estrictamente controlado, est\u00e9ril y libre de polvo. Nuestro enfoque en la higiene y la calidad garantiza que cada alineador y retenedor no solo sea personalizado, sino que tambi\u00e9n est\u00e9 dise\u00f1ado con propiedades antibacterianas para promover la salud bucal durante todo el tratamiento.<\/p>\n<p><strong><b>Material antibacteriano de triple capa para mayor comodidad y eficacia<\/b><\/strong><\/p>\n<p>Nuestros alineadores est\u00e1n hechos de un pol\u00edmero termopl\u00e1stico de tres capas patentado, dise\u00f1ado espec\u00edficamente para uso ortod\u00f3ncico. Este innovador material combina resistencia, flexibilidad y transparencia a la vez que incorpora protecci\u00f3n antibacteriana, manteniendo sus alineadores frescos, c\u00f3modos y eficaces durante su uso diario.<\/p>\n<p><strong><b>Experimente el futuro de la ortodoncia<\/b><\/strong><\/p>\n<p>Con Best Smile Tech, recibir\u00e1 algo m\u00e1s que alineadores transparentes: se beneficiar\u00e1 de una soluci\u00f3n perfectamente integrada que combina conocimientos m\u00e9dicos, tecnolog\u00eda industrial y unos est\u00e1ndares de calidad sin concesiones.<\/p>\n<p><strong><b>Descubra la diferencia de una transformaci\u00f3n de la sonrisa verdaderamente personalizada y dise\u00f1ada con precisi\u00f3n.<\/b><\/strong>\u200b<\/p>","protected":false},"excerpt":{"rendered":"<p>Best Smile Tech\u00a0Clear Aligners: Redefining Orthodontic Excellence\u200b Personalized Treatment, Perfected.\u200b\u200b We believe every smile is unique. Our clear aligners are meticulously crafted based on each patient\u2019s specific clinical needs, ensuring a treatment plan that delivers optimal correction and exceptional results. Through advanced 3D imaging and digital treatment planning, we create a fully customized path to &hellip;<\/p>\n<p class=\"read-more\"> <a class=\"\" href=\"https:\/\/www.bestsmiletech.com\/es\/product\/clear-aligners\/\"> <span class=\"screen-reader-text\">Alineadores transparentes<\/span> Leer m\u00e1s \"<\/a><\/p>","protected":false},"featured_media":1591,"comment_status":"closed","ping_status":"closed","template":"","meta":{"site-sidebar-layout":"default","site-content-layout":"default","ast-global-header-display":"","ast-main-header-display":"","ast-hfb-above-header-display":"","ast-hfb-below-header-display":"","ast-hfb-mobile-header-display":"","site-post-title":"","ast-breadcrumbs-content":"","ast-featured-img":"","footer-sml-layout":"","theme-transparent-header-meta":"default","adv-header-id-meta":"","stick-header-meta":"","header-above-stick-meta":"","header-main-stick-meta":"","header-below-stick-meta":""},"product_cat":[18],"product_tag":[],"class_list":["post-1590","product","type-product","status-publish","has-post-thumbnail","hentry","product_cat-products","desktop-align-left","tablet-align-left","mobile-align-left","ast-product-gallery-layout-vertical-slider","ast-product-tabs-layout-horizontal"],"_links":{"self":[{"href":"https:\/\/www.bestsmiletech.com\/es\/wp-json\/wp\/v2\/product\/1590","targetHints":{"allow":["GET"]}}],"collection":[{"href":"https:\/\/www.bestsmiletech.com\/es\/wp-json\/wp\/v2\/product"}],"about":[{"href":"https:\/\/www.bestsmiletech.com\/es\/wp-json\/wp\/v2\/types\/product"}],"replies":[{"embeddable":true,"href":"https:\/\/www.bestsmiletech.com\/es\/wp-json\/wp\/v2\/comments?post=1590"}],"wp:featuredmedia":[{"embeddable":true,"href":"https:\/\/www.bestsmiletech.com\/es\/wp-json\/wp\/v2\/media\/1591"}],"wp:attachment":[{"href":"https:\/\/www.bestsmiletech.com\/es\/wp-json\/wp\/v2\/media?parent=1590"}],"wp:term":[{"taxonomy":"product_cat","embeddable":true,"href":"https:\/\/www.bestsmiletech.com\/es\/wp-json\/wp\/v2\/product_cat?post=1590"},{"taxonomy":"product_tag","embeddable":true,"href":"https:\/\/www.bestsmiletech.com\/es\/wp-json\/wp\/v2\/product_tag?post=1590"}],"curies":[{"name":"wp","href":"https:\/\/api.w.org\/{rel}","templated":true}]}}