{"id":1585,"date":"2025-09-12T16:27:08","date_gmt":"2025-09-12T08:27:08","guid":{"rendered":"http:\/\/www.bestsmiletech.com\/?post_type=product&#038;p=1585"},"modified":"2025-09-12T16:27:09","modified_gmt":"2025-09-12T08:27:09","slug":"essence-retainers","status":"publish","type":"product","link":"https:\/\/www.bestsmiletech.com\/fr\/product\/essence-retainers\/","title":{"rendered":"Retenue Essence"},"content":{"rendered":"<p><strong><b>Les appareils de r\u00e9tention Essence : La touche finale de votre sourire parfait<\/b><\/strong><\/p>\n<p>Vous avez investi dans l'aventure de votre sourire, et il est maintenant temps de prot\u00e9ger cet investissement pour la vie. Les appareils de r\u00e9tention Essence sont les gardiens ultimes de vos r\u00e9sultats orthodontiques. M\u00e9ticuleusement con\u00e7us \u00e0 partir d'un polym\u00e8re de qualit\u00e9 m\u00e9dicale de nouvelle g\u00e9n\u00e9ration, ils offrent une combinaison parfaite de stabilit\u00e9 in\u00e9branlable, de confort tout au long de la journ\u00e9e et d'\u00e9l\u00e9gance discr\u00e8te.<\/p>\n<p><strong><b>Exprimez votre style : Un spectre de quatre teintes s\u00e9lectionn\u00e9es<\/b><\/strong><\/p>\n<p>Nous pensons que votre appareil de r\u00e9tention doit compl\u00e9ter votre personnalit\u00e9, et pas seulement vos dents. Allez au-del\u00e0 du transparent standard et choisissez une teinte qui correspond \u00e0 votre style de vie et \u00e0 votre esth\u00e9tique.<\/p>\n<p><strong><b>Asiatique Blanc :<\/b><\/strong><strong><b>\u00a0<\/b><\/strong>Il est calibr\u00e9 de mani\u00e8re experte pour s'harmoniser avec les teintes naturelles des dents qui pr\u00e9valent dans la population asiatique. Il procure un effet \u00e9claircissant subtil pour une apparence naturellement vibrante et polie, parfaite pour les situations professionnelles et sociales de tous les jours.<\/p>\n<p><strong><b>Hollywood White :<\/b><\/strong><strong><b>\u00a0<\/b><\/strong>Pour ceux qui aiment avoir un sourire \u00e9clatant, pr\u00eat \u00e0 \u00eatre photographi\u00e9. Cette teinte offre un effet blanchissant perceptible, pour un \u00e9clat \u00e9blouissant, digne d'un tapis rouge, qui donne confiance en soi pour les occasions sp\u00e9ciales.<\/p>\n<p><strong><b>Cristal clair :<\/b><\/strong><strong><b>\u00a0<\/b><\/strong>Le choix classique pour une discr\u00e9tion absolue. Fabriqu\u00e9 \u00e0 partir de notre mat\u00e9riau ultra-transparent, il est pratiquement ind\u00e9tectable, vous offrant une confiance et une tranquillit\u00e9 d'esprit invisibles. C'est le secret \"personne ne le saura\" pour conserver votre sourire.<\/p>\n<p><strong><b>Noir onyx :<\/b><\/strong><strong><b>\u00a0<\/b><\/strong>Une d\u00e9claration audacieuse d'individualit\u00e9 et de style moderne. D\u00e9fiez les conventions et adoptez un look qui vous est propre. Parfait pour cr\u00e9er un effet de mode ou pour accessoiriser un style personnel distinctif.<\/p>\n<p><strong><b>Con\u00e7u pour des performances sup\u00e9rieures<\/b><\/strong><\/p>\n<p><strong><b>Ajustement de pr\u00e9cision :<\/b><\/strong><strong><b>\u00a0<\/b><\/strong>Fabriqu\u00e9s num\u00e9riquement \u00e0 l'aide d'une technologie d'impression 3D de pointe, ils garantissent un ajustement serr\u00e9 et s\u00fbr qui emp\u00eache efficacement les dents de se d\u00e9placer.<\/p>\n<p><strong><b>Confort tout au long de la journ\u00e9e :<\/b><\/strong><strong><b>\u00a0<\/b><\/strong>Dot\u00e9 de la technologie Smooer, il s'adapte en douceur \u00e0 vos gencives, \u00e9liminant ainsi les irritations et facilitant son port jour et nuit.<\/p>\n<p><strong><b>Durable et r\u00e9sistant :<\/b><\/strong><strong><b>\u00a0<\/b><\/strong>Fabriqu\u00e9 \u00e0 partir d'un mat\u00e9riau robuste et r\u00e9sistant aux taches, il conserve son int\u00e9grit\u00e9 et sa clart\u00e9 au fil du temps. La surface lisse aide \u00e0 pr\u00e9venir l'accumulation de plaque et facilite le nettoyage.<\/p>\n<p><strong><b>Le gardien \u00e9ternel de votre sourire.<\/b><\/strong><\/p>\n<p>Que vous recherchiez une maintenance invisible ou que vous souhaitiez exprimer votre style unique, les appareils de r\u00e9tention Essence constituent une solution fiable, confortable et \u00e9l\u00e9gante pour pr\u00e9server votre sourire \u00e0 jamais.<\/p>\n<p><strong><b>Choisissez votre teinte. Fixez votre sourire. Brillez en toute confiance.<\/b><\/strong><\/p>","protected":false},"excerpt":{"rendered":"<p>Essence Retainers: The Final, Finishing Touch to Your Perfect Smile You&#8217;ve invested in your smile journey, and now it&#8217;s time to protect that investment for a lifetime. Essence Retainers are the ultimate guardians of your orthodontic results. Meticulously engineered from next-generation, medical-grade polymer, they offer a flawless combination of unwavering stability, all-day comfort, and discreet &hellip;<\/p>\n<p class=\"read-more\"> <a class=\"\" href=\"https:\/\/www.bestsmiletech.com\/fr\/product\/essence-retainers\/\"> <span class=\"screen-reader-text\">Retenue Essence<\/span> Lire la suite \"<\/a><\/p>","protected":false},"featured_media":1586,"comment_status":"closed","ping_status":"closed","template":"","meta":{"site-sidebar-layout":"default","site-content-layout":"default","ast-global-header-display":"","ast-main-header-display":"","ast-hfb-above-header-display":"","ast-hfb-below-header-display":"","ast-hfb-mobile-header-display":"","site-post-title":"","ast-breadcrumbs-content":"","ast-featured-img":"","footer-sml-layout":"","theme-transparent-header-meta":"default","adv-header-id-meta":"","stick-header-meta":"","header-above-stick-meta":"","header-main-stick-meta":"","header-below-stick-meta":""},"product_cat":[18],"product_tag":[],"class_list":["post-1585","product","type-product","status-publish","has-post-thumbnail","hentry","product_cat-products","desktop-align-left","tablet-align-left","mobile-align-left","ast-product-gallery-layout-vertical-slider","ast-product-tabs-layout-horizontal"],"_links":{"self":[{"href":"https:\/\/www.bestsmiletech.com\/fr\/wp-json\/wp\/v2\/product\/1585","targetHints":{"allow":["GET"]}}],"collection":[{"href":"https:\/\/www.bestsmiletech.com\/fr\/wp-json\/wp\/v2\/product"}],"about":[{"href":"https:\/\/www.bestsmiletech.com\/fr\/wp-json\/wp\/v2\/types\/product"}],"replies":[{"embeddable":true,"href":"https:\/\/www.bestsmiletech.com\/fr\/wp-json\/wp\/v2\/comments?post=1585"}],"wp:featuredmedia":[{"embeddable":true,"href":"https:\/\/www.bestsmiletech.com\/fr\/wp-json\/wp\/v2\/media\/1586"}],"wp:attachment":[{"href":"https:\/\/www.bestsmiletech.com\/fr\/wp-json\/wp\/v2\/media?parent=1585"}],"wp:term":[{"taxonomy":"product_cat","embeddable":true,"href":"https:\/\/www.bestsmiletech.com\/fr\/wp-json\/wp\/v2\/product_cat?post=1585"},{"taxonomy":"product_tag","embeddable":true,"href":"https:\/\/www.bestsmiletech.com\/fr\/wp-json\/wp\/v2\/product_tag?post=1585"}],"curies":[{"name":"wp","href":"https:\/\/api.w.org\/{rel}","templated":true}]}}