{"id":1590,"date":"2025-09-12T16:28:03","date_gmt":"2025-09-12T08:28:03","guid":{"rendered":"http:\/\/www.bestsmiletech.com\/?post_type=product&#038;p=1590"},"modified":"2025-09-12T16:28:03","modified_gmt":"2025-09-12T08:28:03","slug":"clear-aligners","status":"publish","type":"product","link":"https:\/\/www.bestsmiletech.com\/fr\/product\/clear-aligners\/","title":{"rendered":"Aligneurs transparents"},"content":{"rendered":"<p><strong><b>B<\/b><\/strong><strong><b>est Smile Tech<\/b><\/strong><strong><b>\u00a0Clair <\/b><\/strong><strong><b>Aligners : Red\u00e9finir l'excellence orthodontique<\/b><\/strong><\/p>\n<p><strong><b>Traitement personnalis\u00e9, perfectionn\u00e9.<\/b><\/strong><\/p>\n<p>Nous pensons que chaque sourire est unique. Nos goutti\u00e8res transparentes sont m\u00e9ticuleusement con\u00e7ues en fonction des besoins cliniques sp\u00e9cifiques de chaque patient, garantissant un plan de traitement qui offre une correction optimale et des r\u00e9sultats exceptionnels. Gr\u00e2ce \u00e0 l'imagerie 3D avanc\u00e9e et \u00e0 la planification num\u00e9rique du traitement, nous cr\u00e9ons un chemin enti\u00e8rement personnalis\u00e9 vers un sourire plus sain et plus confiant.<\/p>\n<p><strong><b>Une fabrication de pointe pour une pr\u00e9cision sup\u00e9rieure<\/b><\/strong><\/p>\n<p>Nous nous appuyons sur des technologies d'impression 3D \u00e0 l'\u00e9chelle industrielle et de fabrication automatis\u00e9e pour produire des aligneurs d'une pr\u00e9cision et d'une coh\u00e9rence in\u00e9gal\u00e9es. Nos syst\u00e8mes avanc\u00e9s d\u00e9passent les limites de la production interne de bureau, permettant une pr\u00e9cision sup\u00e9rieure, des propri\u00e9t\u00e9s mat\u00e9rielles am\u00e9lior\u00e9es et un ajustement sans faille \u00e0 chaque \u00e9tape du traitement.<\/p>\n<p><strong><b>Une production st\u00e9rile et sans poussi\u00e8re pour votre s\u00e9curit\u00e9<\/b><\/strong><\/p>\n<p>Chaque aligneur Clear est fabriqu\u00e9 dans un environnement strictement contr\u00f4l\u00e9, st\u00e9rile et sans poussi\u00e8re. L'importance que nous accordons \u00e0 l'hygi\u00e8ne et \u00e0 la qualit\u00e9 garantit que chaque goutti\u00e8re et appareil de r\u00e9tention est non seulement personnalis\u00e9, mais aussi dot\u00e9 de propri\u00e9t\u00e9s antibact\u00e9riennes afin de promouvoir la sant\u00e9 bucco-dentaire tout au long de votre traitement.<\/p>\n<p><strong><b>Mat\u00e9riau antibact\u00e9rien triple couche pour plus de confort et d'efficacit\u00e9<\/b><\/strong><\/p>\n<p>Nos goutti\u00e8res sont fabriqu\u00e9es \u00e0 partir d'un polym\u00e8re thermoplastique exclusif \u00e0 trois couches, sp\u00e9cialement con\u00e7u pour l'orthodontie. Ce mat\u00e9riau innovant allie r\u00e9sistance, flexibilit\u00e9 et transparence tout en int\u00e9grant une protection antibact\u00e9rienne, ce qui permet de conserver la fra\u00eecheur, le confort et l'efficacit\u00e9 de vos goutti\u00e8res tout au long de la journ\u00e9e.<\/p>\n<p><strong><b>D\u00e9couvrez l'avenir de l'orthodontie<\/b><\/strong><\/p>\n<p>Avec Best Smile Tech, vous recevez plus que des goutti\u00e8res transparentes - vous b\u00e9n\u00e9ficiez d'une solution parfaitement int\u00e9gr\u00e9e qui allie l'expertise m\u00e9dicale, la technologie de qualit\u00e9 industrielle et des normes de qualit\u00e9 sans compromis.<\/p>\n<p><strong><b>D\u00e9couvrez la diff\u00e9rence d'une transformation du sourire v\u00e9ritablement personnalis\u00e9e et con\u00e7ue avec pr\u00e9cision.<\/b><\/strong>\u200b<\/p>","protected":false},"excerpt":{"rendered":"<p>Best Smile Tech\u00a0Clear Aligners: Redefining Orthodontic Excellence\u200b Personalized Treatment, Perfected.\u200b\u200b We believe every smile is unique. Our clear aligners are meticulously crafted based on each patient\u2019s specific clinical needs, ensuring a treatment plan that delivers optimal correction and exceptional results. Through advanced 3D imaging and digital treatment planning, we create a fully customized path to &hellip;<\/p>\n<p class=\"read-more\"> <a class=\"\" href=\"https:\/\/www.bestsmiletech.com\/fr\/product\/clear-aligners\/\"> <span class=\"screen-reader-text\">Aligneurs transparents<\/span> Lire la suite \"<\/a><\/p>","protected":false},"featured_media":1591,"comment_status":"closed","ping_status":"closed","template":"","meta":{"site-sidebar-layout":"default","site-content-layout":"default","ast-global-header-display":"","ast-main-header-display":"","ast-hfb-above-header-display":"","ast-hfb-below-header-display":"","ast-hfb-mobile-header-display":"","site-post-title":"","ast-breadcrumbs-content":"","ast-featured-img":"","footer-sml-layout":"","theme-transparent-header-meta":"default","adv-header-id-meta":"","stick-header-meta":"","header-above-stick-meta":"","header-main-stick-meta":"","header-below-stick-meta":""},"product_cat":[18],"product_tag":[],"class_list":["post-1590","product","type-product","status-publish","has-post-thumbnail","hentry","product_cat-products","desktop-align-left","tablet-align-left","mobile-align-left","ast-product-gallery-layout-vertical-slider","ast-product-tabs-layout-horizontal"],"_links":{"self":[{"href":"https:\/\/www.bestsmiletech.com\/fr\/wp-json\/wp\/v2\/product\/1590","targetHints":{"allow":["GET"]}}],"collection":[{"href":"https:\/\/www.bestsmiletech.com\/fr\/wp-json\/wp\/v2\/product"}],"about":[{"href":"https:\/\/www.bestsmiletech.com\/fr\/wp-json\/wp\/v2\/types\/product"}],"replies":[{"embeddable":true,"href":"https:\/\/www.bestsmiletech.com\/fr\/wp-json\/wp\/v2\/comments?post=1590"}],"wp:featuredmedia":[{"embeddable":true,"href":"https:\/\/www.bestsmiletech.com\/fr\/wp-json\/wp\/v2\/media\/1591"}],"wp:attachment":[{"href":"https:\/\/www.bestsmiletech.com\/fr\/wp-json\/wp\/v2\/media?parent=1590"}],"wp:term":[{"taxonomy":"product_cat","embeddable":true,"href":"https:\/\/www.bestsmiletech.com\/fr\/wp-json\/wp\/v2\/product_cat?post=1590"},{"taxonomy":"product_tag","embeddable":true,"href":"https:\/\/www.bestsmiletech.com\/fr\/wp-json\/wp\/v2\/product_tag?post=1590"}],"curies":[{"name":"wp","href":"https:\/\/api.w.org\/{rel}","templated":true}]}}