{"id":1585,"date":"2025-09-12T16:27:08","date_gmt":"2025-09-12T08:27:08","guid":{"rendered":"http:\/\/www.bestsmiletech.com\/?post_type=product&#038;p=1585"},"modified":"2025-09-12T16:27:09","modified_gmt":"2025-09-12T08:27:09","slug":"essence-retainers","status":"publish","type":"product","link":"https:\/\/www.bestsmiletech.com\/it\/product\/essence-retainers\/","title":{"rendered":"Portamateriali d'essenza"},"content":{"rendered":"<p><strong><b>Retainer Essence: Il tocco finale per un sorriso perfetto<\/b><\/strong><\/p>\n<p>Avete investito nel vostro sorriso e ora \u00e8 il momento di proteggere questo investimento per tutta la vita. I Retainer Essence sono gli ultimi custodi dei vostri risultati ortodontici. Progettati meticolosamente con polimeri di grado medico di nuova generazione, offrono una combinazione impeccabile di stabilit\u00e0 incrollabile, comfort per tutto il giorno ed eleganza discreta.<\/p>\n<p><strong><b>Esprimete il vostro stile: Uno spettro di quattro tonalit\u00e0 curate<\/b><\/strong><\/p>\n<p>Riteniamo che il vostro retainer debba completare la vostra personalit\u00e0, non solo i vostri denti. Andate oltre il trasparente standard e scegliete una tonalit\u00e0 che si adatti al vostro stile di vita e alla vostra estetica.<\/p>\n<p><strong><b>Bianco asiatico:<\/b><\/strong><strong><b>\u00a0<\/b><\/strong>Sapientemente calibrato per armonizzarsi con le tonalit\u00e0 naturali dei denti prevalenti nei gruppi demografici asiatici. Fornisce un sottile effetto schiarente per un aspetto naturalmente vibrante e lucido, perfetto per gli ambienti professionali e sociali di tutti i giorni.<\/p>\n<p><strong><b>Hollywood White:<\/b><\/strong><strong><b>\u00a0<\/b><\/strong>Per chi ama un sorriso brillante e pronto per la macchina fotografica. Questa tonalit\u00e0 offre un notevole effetto sbiancante, garantendo un livello di brillantezza da tappeto rosso che emana sicurezza nelle occasioni speciali.<\/p>\n<p><strong><b>Cristallino:<\/b><\/strong><strong><b>\u00a0<\/b><\/strong>La scelta classica per la massima discrezione. Realizzato con il nostro materiale ultra-trasparente, \u00e8 praticamente impercettibile e vi offre una sicurezza e una tranquillit\u00e0 invisibili. \u00c8 il segreto \"che nessuno sapr\u00e0\" per mantenere il vostro sorriso.<\/p>\n<p><strong><b>Nero onice:<\/b><\/strong><strong><b>\u00a0<\/b><\/strong>Un'audace dichiarazione di individualit\u00e0 e stile moderno. Sfidate le convenzioni e abbracciate un look che sia unicamente vostro. Perfetto per avere un impatto fashion o per accessoriare uno stile personale e distintivo.<\/p>\n<p><strong><b>Progettato per prestazioni superiori<\/b><\/strong><\/p>\n<p><strong><b>Adattamento di precisione:<\/b><\/strong><strong><b>\u00a0<\/b><\/strong>Realizzati digitalmente con una tecnologia di stampa 3D all'avanguardia per garantire un adattamento aderente e sicuro che impedisce efficacemente lo spostamento dei denti.<\/p>\n<p><strong><b>Comfort per tutto il giorno:<\/b><\/strong><strong><b>\u00a0<\/b><\/strong>La tecnologia Smooer garantisce una delicata aderenza alle gengive, eliminando le irritazioni e facilitando l'uso giorno e notte.<\/p>\n<p><strong><b>Durevole e resistente:<\/b><\/strong><strong><b>\u00a0<\/b><\/strong>Realizzato in un materiale resistente e antimacchia che mantiene la sua integrit\u00e0 e la sua chiarezza nel tempo. La superficie liscia aiuta a prevenire l'accumulo di placca e facilita la pulizia.<\/p>\n<p><strong><b>Il custode per sempre del vostro sorriso.<\/b><\/strong><\/p>\n<p>Sia che cerchiate una manutenzione invisibile, sia che vogliate esprimere il vostro stile unico, i Retainer Essence sono la soluzione affidabile, confortevole ed elegante per preservare il vostro sorriso per sempre.<\/p>\n<p><strong><b>Scegliete il vostro colore. Proteggete il vostro sorriso. Brillate con fiducia.<\/b><\/strong><\/p>","protected":false},"excerpt":{"rendered":"<p>Essence Retainers: The Final, Finishing Touch to Your Perfect Smile You&#8217;ve invested in your smile journey, and now it&#8217;s time to protect that investment for a lifetime. Essence Retainers are the ultimate guardians of your orthodontic results. Meticulously engineered from next-generation, medical-grade polymer, they offer a flawless combination of unwavering stability, all-day comfort, and discreet &hellip;<\/p>\n<p class=\"read-more\"> <a class=\"\" href=\"https:\/\/www.bestsmiletech.com\/it\/product\/essence-retainers\/\"> <span class=\"screen-reader-text\">Portamateriali d'essenza<\/span> Leggi tutto \"<\/a><\/p>","protected":false},"featured_media":1586,"comment_status":"closed","ping_status":"closed","template":"","meta":{"site-sidebar-layout":"default","site-content-layout":"default","ast-global-header-display":"","ast-main-header-display":"","ast-hfb-above-header-display":"","ast-hfb-below-header-display":"","ast-hfb-mobile-header-display":"","site-post-title":"","ast-breadcrumbs-content":"","ast-featured-img":"","footer-sml-layout":"","theme-transparent-header-meta":"default","adv-header-id-meta":"","stick-header-meta":"","header-above-stick-meta":"","header-main-stick-meta":"","header-below-stick-meta":""},"product_cat":[18],"product_tag":[],"class_list":["post-1585","product","type-product","status-publish","has-post-thumbnail","hentry","product_cat-products","desktop-align-left","tablet-align-left","mobile-align-left","ast-product-gallery-layout-vertical-slider","ast-product-tabs-layout-horizontal"],"_links":{"self":[{"href":"https:\/\/www.bestsmiletech.com\/it\/wp-json\/wp\/v2\/product\/1585","targetHints":{"allow":["GET"]}}],"collection":[{"href":"https:\/\/www.bestsmiletech.com\/it\/wp-json\/wp\/v2\/product"}],"about":[{"href":"https:\/\/www.bestsmiletech.com\/it\/wp-json\/wp\/v2\/types\/product"}],"replies":[{"embeddable":true,"href":"https:\/\/www.bestsmiletech.com\/it\/wp-json\/wp\/v2\/comments?post=1585"}],"wp:featuredmedia":[{"embeddable":true,"href":"https:\/\/www.bestsmiletech.com\/it\/wp-json\/wp\/v2\/media\/1586"}],"wp:attachment":[{"href":"https:\/\/www.bestsmiletech.com\/it\/wp-json\/wp\/v2\/media?parent=1585"}],"wp:term":[{"taxonomy":"product_cat","embeddable":true,"href":"https:\/\/www.bestsmiletech.com\/it\/wp-json\/wp\/v2\/product_cat?post=1585"},{"taxonomy":"product_tag","embeddable":true,"href":"https:\/\/www.bestsmiletech.com\/it\/wp-json\/wp\/v2\/product_tag?post=1585"}],"curies":[{"name":"wp","href":"https:\/\/api.w.org\/{rel}","templated":true}]}}