{"id":1585,"date":"2025-09-12T16:27:08","date_gmt":"2025-09-12T08:27:08","guid":{"rendered":"http:\/\/www.bestsmiletech.com\/?post_type=product&#038;p=1585"},"modified":"2025-09-12T16:27:09","modified_gmt":"2025-09-12T08:27:09","slug":"essence-retainers","status":"publish","type":"product","link":"https:\/\/www.bestsmiletech.com\/pt\/product\/essence-retainers\/","title":{"rendered":"Retentores Essence"},"content":{"rendered":"<p><strong><b>Retentores Essence: O toque final para o seu sorriso perfeito<\/b><\/strong><\/p>\n<p>Investiu na viagem do seu sorriso, e agora \u00e9 altura de proteger esse investimento para toda a vida. Os retentores Essence s\u00e3o os melhores guardi\u00f5es dos seus resultados ortod\u00f4nticos. Meticulosamente concebidos a partir de pol\u00edmeros de grau m\u00e9dico de \u00faltima gera\u00e7\u00e3o, oferecem uma combina\u00e7\u00e3o perfeita de estabilidade inabal\u00e1vel, conforto durante todo o dia e eleg\u00e2ncia discreta.<\/p>\n<p><strong><b>Expresse o seu estilo: Um espetro de quatro tonalidades selecionadas<\/b><\/strong><\/p>\n<p>Acreditamos que o seu aparelho de conten\u00e7\u00e3o deve complementar a sua personalidade, n\u00e3o apenas os seus dentes. V\u00e1 al\u00e9m do padr\u00e3o transparente e escolha uma tonalidade que combine com seu estilo de vida e est\u00e9tica.<\/p>\n<p><strong><b>Branco asi\u00e1tico:<\/b><\/strong><strong><b>\u00a0<\/b><\/strong>Perfeitamente calibrado para se harmonizar com as tonalidades naturais dos dentes predominantes na demografia asi\u00e1tica. Proporciona um efeito de brilho subtil para um aspeto naturalmente vibrante e polido, perfeito para o dia a dia profissional e social.<\/p>\n<p><strong><b>Hollywood White:<\/b><\/strong><strong><b>\u00a0<\/b><\/strong>Para aqueles que adoram um sorriso brilhante e pronto para as c\u00e2maras. Esta tonalidade oferece um efeito de branqueamento not\u00e1vel, proporcionando um n\u00edvel de brilho deslumbrante, de tapete vermelho, que exala confian\u00e7a para ocasi\u00f5es especiais.<\/p>\n<p><strong><b>Transparente:<\/b><\/strong><strong><b>\u00a0<\/b><\/strong>A escolha cl\u00e1ssica para a m\u00e1xima discri\u00e7\u00e3o. Fabricado com o nosso material ultra-transparente, \u00e9 praticamente indetet\u00e1vel, oferecendo-lhe confian\u00e7a invis\u00edvel e paz de esp\u00edrito. \u00c9 o segredo \"ningu\u00e9m vai saber\" para manter o seu sorriso.<\/p>\n<p><strong><b>Preto \u00f4nix:<\/b><\/strong><strong><b>\u00a0<\/b><\/strong>Uma afirma\u00e7\u00e3o ousada de individualidade e estilo moderno. Desafie as conven\u00e7\u00f5es e adopte um visual que \u00e9 exclusivamente seu. Perfeita para causar um impacto na moda ou como acess\u00f3rio de um estilo pessoal distinto.<\/p>\n<p><strong><b>Concebido para um desempenho superior<\/b><\/strong><\/p>\n<p><strong><b>Ajuste de precis\u00e3o:<\/b><\/strong><strong><b>\u00a0<\/b><\/strong>Criada digitalmente utilizando tecnologia de impress\u00e3o 3D de \u00faltima gera\u00e7\u00e3o para garantir um ajuste confort\u00e1vel e seguro que impede eficazmente a desloca\u00e7\u00e3o dos dentes.<\/p>\n<p><strong><b>Conforto durante todo o dia:<\/b><\/strong><strong><b>\u00a0<\/b><\/strong>Inclui a tecnologia Smooer para um ajuste suave \u00e0s gengivas, eliminando a irrita\u00e7\u00e3o e facilitando a utiliza\u00e7\u00e3o de dia e de noite.<\/p>\n<p><strong><b>Dur\u00e1vel e resistente:<\/b><\/strong><strong><b>\u00a0<\/b><\/strong>Fabricado num material resistente a manchas que mant\u00e9m a sua integridade e clareza ao longo do tempo. A superf\u00edcie lisa ajuda a evitar a acumula\u00e7\u00e3o de placa bacteriana para uma limpeza f\u00e1cil.<\/p>\n<p><strong><b>O guardi\u00e3o eterno do seu sorriso.<\/b><\/strong><\/p>\n<p>Quer procure uma manuten\u00e7\u00e3o invis\u00edvel ou queira exprimir o seu estilo \u00fanico, os aparelhos de conten\u00e7\u00e3o Essence s\u00e3o a solu\u00e7\u00e3o fi\u00e1vel, confort\u00e1vel e elegante para preservar o seu sorriso para sempre.<\/p>\n<p><strong><b>Escolha a sua cor. Proteja o seu sorriso. Brilhe com confian\u00e7a.<\/b><\/strong><\/p>","protected":false},"excerpt":{"rendered":"<p>Essence Retainers: The Final, Finishing Touch to Your Perfect Smile You&#8217;ve invested in your smile journey, and now it&#8217;s time to protect that investment for a lifetime. Essence Retainers are the ultimate guardians of your orthodontic results. Meticulously engineered from next-generation, medical-grade polymer, they offer a flawless combination of unwavering stability, all-day comfort, and discreet &hellip;<\/p>\n<p class=\"read-more\"> <a class=\"\" href=\"https:\/\/www.bestsmiletech.com\/pt\/product\/essence-retainers\/\"> <span class=\"screen-reader-text\">Retentores Essence<\/span> Ler mais \"<\/a><\/p>","protected":false},"featured_media":1586,"comment_status":"closed","ping_status":"closed","template":"","meta":{"site-sidebar-layout":"default","site-content-layout":"default","ast-global-header-display":"","ast-main-header-display":"","ast-hfb-above-header-display":"","ast-hfb-below-header-display":"","ast-hfb-mobile-header-display":"","site-post-title":"","ast-breadcrumbs-content":"","ast-featured-img":"","footer-sml-layout":"","theme-transparent-header-meta":"default","adv-header-id-meta":"","stick-header-meta":"","header-above-stick-meta":"","header-main-stick-meta":"","header-below-stick-meta":""},"product_cat":[18],"product_tag":[],"class_list":["post-1585","product","type-product","status-publish","has-post-thumbnail","hentry","product_cat-products","desktop-align-left","tablet-align-left","mobile-align-left","ast-product-gallery-layout-vertical-slider","ast-product-tabs-layout-horizontal"],"_links":{"self":[{"href":"https:\/\/www.bestsmiletech.com\/pt\/wp-json\/wp\/v2\/product\/1585","targetHints":{"allow":["GET"]}}],"collection":[{"href":"https:\/\/www.bestsmiletech.com\/pt\/wp-json\/wp\/v2\/product"}],"about":[{"href":"https:\/\/www.bestsmiletech.com\/pt\/wp-json\/wp\/v2\/types\/product"}],"replies":[{"embeddable":true,"href":"https:\/\/www.bestsmiletech.com\/pt\/wp-json\/wp\/v2\/comments?post=1585"}],"wp:featuredmedia":[{"embeddable":true,"href":"https:\/\/www.bestsmiletech.com\/pt\/wp-json\/wp\/v2\/media\/1586"}],"wp:attachment":[{"href":"https:\/\/www.bestsmiletech.com\/pt\/wp-json\/wp\/v2\/media?parent=1585"}],"wp:term":[{"taxonomy":"product_cat","embeddable":true,"href":"https:\/\/www.bestsmiletech.com\/pt\/wp-json\/wp\/v2\/product_cat?post=1585"},{"taxonomy":"product_tag","embeddable":true,"href":"https:\/\/www.bestsmiletech.com\/pt\/wp-json\/wp\/v2\/product_tag?post=1585"}],"curies":[{"name":"wp","href":"https:\/\/api.w.org\/{rel}","templated":true}]}}