{"id":1590,"date":"2025-09-12T16:28:03","date_gmt":"2025-09-12T08:28:03","guid":{"rendered":"http:\/\/www.bestsmiletech.com\/?post_type=product&#038;p=1590"},"modified":"2025-09-12T16:28:03","modified_gmt":"2025-09-12T08:28:03","slug":"clear-aligners","status":"publish","type":"product","link":"https:\/\/www.bestsmiletech.com\/pt\/product\/clear-aligners\/","title":{"rendered":"Alinhadores transparentes"},"content":{"rendered":"<p><strong><b>B<\/b><\/strong><strong><b>est Smile Tech<\/b><\/strong><strong><b>\u00a0Limpo <\/b><\/strong><strong><b>Alinhadores: Redefinindo a excel\u00eancia ortod\u00f4ntica<\/b><\/strong><\/p>\n<p><strong><b>Tratamento personalizado, aperfei\u00e7oado.<\/b><\/strong><\/p>\n<p>Acreditamos que cada sorriso \u00e9 \u00fanico. Os nossos alinhadores transparentes s\u00e3o meticulosamente elaborados com base nas necessidades cl\u00ednicas espec\u00edficas de cada paciente, garantindo um plano de tratamento que proporciona uma corre\u00e7\u00e3o \u00f3ptima e resultados excepcionais. Atrav\u00e9s de imagens 3D avan\u00e7adas e planeamento digital do tratamento, criamos um caminho totalmente personalizado para um sorriso mais saud\u00e1vel e confiante.<\/p>\n<p><strong><b>Fabrico de ponta para uma precis\u00e3o superior<\/b><\/strong><\/p>\n<p>Tiramos partido da impress\u00e3o 3D \u00e0 escala industrial e das tecnologias de fabrico automatizado para produzir alinhadores com uma precis\u00e3o e consist\u00eancia inigual\u00e1veis. Os nossos sistemas avan\u00e7ados ultrapassam as limita\u00e7\u00f5es da produ\u00e7\u00e3o interna de secret\u00e1ria, permitindo uma precis\u00e3o superior, propriedades de material melhoradas e um ajuste perfeito em todas as fases do tratamento.<\/p>\n<p><strong><b>Produ\u00e7\u00e3o est\u00e9ril e sem poeira para sua seguran\u00e7a<\/b><\/strong><\/p>\n<p>Cada alinhador Clear \u00e9 fabricado num ambiente estritamente controlado, esterilizado e sem p\u00f3. A nossa preocupa\u00e7\u00e3o com a higiene e a qualidade garante que cada alinhador e retentor n\u00e3o \u00e9 apenas personalizado, mas tamb\u00e9m concebido com propriedades antibacterianas para promover a sa\u00fade oral ao longo da sua jornada de tratamento.<\/p>\n<p><strong><b>Material antibacteriano de camada tripla para conforto e efic\u00e1cia<\/b><\/strong><\/p>\n<p>Os nossos alinhadores s\u00e3o fabricados a partir de um pol\u00edmero termopl\u00e1stico de tr\u00eas camadas, especificamente concebido para utiliza\u00e7\u00e3o ortod\u00f4ntica. Este material inovador combina for\u00e7a, flexibilidade e transpar\u00eancia, ao mesmo tempo que incorpora prote\u00e7\u00e3o antibacteriana - mantendo os seus alinhadores frescos, confort\u00e1veis e eficazes durante o uso di\u00e1rio.<\/p>\n<p><strong><b>Experimente o futuro da ortodontia<\/b><\/strong><\/p>\n<p>Com a Best Smile Tech, recebe mais do que apenas alinhadores transparentes - beneficia de uma solu\u00e7\u00e3o perfeitamente integrada que combina conhecimentos m\u00e9dicos, tecnologia de n\u00edvel industrial e padr\u00f5es de qualidade sem compromissos.<\/p>\n<p><strong><b>Descubra a diferen\u00e7a de uma transforma\u00e7\u00e3o de sorriso verdadeiramente personalizada e concebida com precis\u00e3o.<\/b><\/strong>\u200b<\/p>","protected":false},"excerpt":{"rendered":"<p>Best Smile Tech\u00a0Clear Aligners: Redefining Orthodontic Excellence\u200b Personalized Treatment, Perfected.\u200b\u200b We believe every smile is unique. Our clear aligners are meticulously crafted based on each patient\u2019s specific clinical needs, ensuring a treatment plan that delivers optimal correction and exceptional results. Through advanced 3D imaging and digital treatment planning, we create a fully customized path to &hellip;<\/p>\n<p class=\"read-more\"> <a class=\"\" href=\"https:\/\/www.bestsmiletech.com\/pt\/product\/clear-aligners\/\"> <span class=\"screen-reader-text\">Alinhadores transparentes<\/span> Ler mais \"<\/a><\/p>","protected":false},"featured_media":1591,"comment_status":"closed","ping_status":"closed","template":"","meta":{"site-sidebar-layout":"default","site-content-layout":"default","ast-global-header-display":"","ast-main-header-display":"","ast-hfb-above-header-display":"","ast-hfb-below-header-display":"","ast-hfb-mobile-header-display":"","site-post-title":"","ast-breadcrumbs-content":"","ast-featured-img":"","footer-sml-layout":"","theme-transparent-header-meta":"default","adv-header-id-meta":"","stick-header-meta":"","header-above-stick-meta":"","header-main-stick-meta":"","header-below-stick-meta":""},"product_cat":[18],"product_tag":[],"class_list":["post-1590","product","type-product","status-publish","has-post-thumbnail","hentry","product_cat-products","desktop-align-left","tablet-align-left","mobile-align-left","ast-product-gallery-layout-vertical-slider","ast-product-tabs-layout-horizontal"],"_links":{"self":[{"href":"https:\/\/www.bestsmiletech.com\/pt\/wp-json\/wp\/v2\/product\/1590","targetHints":{"allow":["GET"]}}],"collection":[{"href":"https:\/\/www.bestsmiletech.com\/pt\/wp-json\/wp\/v2\/product"}],"about":[{"href":"https:\/\/www.bestsmiletech.com\/pt\/wp-json\/wp\/v2\/types\/product"}],"replies":[{"embeddable":true,"href":"https:\/\/www.bestsmiletech.com\/pt\/wp-json\/wp\/v2\/comments?post=1590"}],"wp:featuredmedia":[{"embeddable":true,"href":"https:\/\/www.bestsmiletech.com\/pt\/wp-json\/wp\/v2\/media\/1591"}],"wp:attachment":[{"href":"https:\/\/www.bestsmiletech.com\/pt\/wp-json\/wp\/v2\/media?parent=1590"}],"wp:term":[{"taxonomy":"product_cat","embeddable":true,"href":"https:\/\/www.bestsmiletech.com\/pt\/wp-json\/wp\/v2\/product_cat?post=1590"},{"taxonomy":"product_tag","embeddable":true,"href":"https:\/\/www.bestsmiletech.com\/pt\/wp-json\/wp\/v2\/product_tag?post=1590"}],"curies":[{"name":"wp","href":"https:\/\/api.w.org\/{rel}","templated":true}]}}