{"id":1585,"date":"2025-09-12T16:27:08","date_gmt":"2025-09-12T08:27:08","guid":{"rendered":"http:\/\/www.bestsmiletech.com\/?post_type=product&#038;p=1585"},"modified":"2025-09-12T16:27:09","modified_gmt":"2025-09-12T08:27:09","slug":"essence-retainers","status":"publish","type":"product","link":"https:\/\/www.bestsmiletech.com\/sv\/product\/essence-retainers\/","title":{"rendered":"Essensh\u00e5llare"},"content":{"rendered":"<p><strong><b>Essence tandst\u00e4llning: Den sista, avslutande touchen till ditt perfekta leende<\/b><\/strong><\/p>\n<p>Du har investerat i ditt leendes resa, och nu \u00e4r det dags att skydda den investeringen under hela livet. Essence Retainers \u00e4r de ultimata v\u00e4ktarna av dina ortodontiska resultat. De \u00e4r noggrant konstruerade av n\u00e4sta generations polymer av medicinsk kvalitet och erbjuder en felfri kombination av orubblig stabilitet, komfort hela dagen och diskret elegans.<\/p>\n<p><strong><b>Uttryck din stil: Ett spektrum av fyra kuraterade nyanser<\/b><\/strong><\/p>\n<p>Vi tycker att din tandst\u00e4llning ska komplettera din personlighet, inte bara dina t\u00e4nder. G\u00e5 bortom standardf\u00e4rgen och v\u00e4lj en nyans som matchar din livsstil och estetik.<\/p>\n<p><strong><b>Asiat, vit:<\/b><\/strong><strong><b>\u00a0<\/b><\/strong>Expertkalibrerad f\u00f6r att harmoniera med naturliga tandnyanser som \u00e4r vanliga i asiatiska befolkningsgrupper. Den ger en subtil, uppljusande effekt f\u00f6r en naturligt levande och polerad look, perfekt f\u00f6r vardagliga professionella och sociala sammanhang.<\/p>\n<p><strong><b>Hollywood White:<\/b><\/strong><strong><b>\u00a0<\/b><\/strong>F\u00f6r dig som \u00e4lskar ett briljant och kameraklart leende. Denna nyans ger en m\u00e4rkbar blekningseffekt och ger en bl\u00e4ndande, r\u00f6d matta-niv\u00e5 av briljans som utstr\u00e5lar sj\u00e4lvf\u00f6rtroende f\u00f6r speciella tillf\u00e4llen.<\/p>\n<p><strong><b>Kristallklart:<\/b><\/strong><strong><b>\u00a0<\/b><\/strong>Det klassiska valet f\u00f6r ultimat diskretion. Tillverkad av v\u00e5rt ultratransparenta material \u00e4r den praktiskt taget om\u00f6jlig att uppt\u00e4cka, vilket ger dig osynligt sj\u00e4lvf\u00f6rtroende och sinnesfrid. Det \u00e4r \"ingen kommer att veta\"-hemligheten f\u00f6r att bevara ditt leende.<\/p>\n<p><strong><b>Onyx svart:<\/b><\/strong><strong><b>\u00a0<\/b><\/strong>Ett dj\u00e4rvt uttryck f\u00f6r individualitet och modern stil. Trotsa konventioner och anamma en look som \u00e4r helt din egen. Perfekt f\u00f6r att skapa en modebetonad effekt eller f\u00f6r att komplettera en distinkt personlig stil.<\/p>\n<p><strong><b>Konstruerad f\u00f6r \u00f6verl\u00e4gsen prestanda<\/b><\/strong><\/p>\n<p><strong><b>Precisionsanpassning:<\/b><\/strong><strong><b>\u00a0<\/b><\/strong>Digitalt utformade med hj\u00e4lp av den senaste 3D-utskriftstekniken f\u00f6r att s\u00e4kerst\u00e4lla en t\u00e4t och s\u00e4ker passform som effektivt f\u00f6rhindrar att t\u00e4nderna flyttar p\u00e5 sig.<\/p>\n<p><strong><b>Komfort hela dagen:<\/b><\/strong><strong><b>\u00a0<\/b><\/strong>Smooer-tekniken ger en skonsam passform mot tandk\u00f6ttet, vilket eliminerar irritation och g\u00f6r den l\u00e4tt att b\u00e4ra dag och natt.<\/p>\n<p><strong><b>H\u00e5llbar och motst\u00e5ndskraftig:<\/b><\/strong><strong><b>\u00a0<\/b><\/strong>Tillverkad av ett t\u00e5ligt, fl\u00e4ckbest\u00e4ndigt material som beh\u00e5ller sin integritet och klarhet \u00f6ver tid. Den sl\u00e4ta ytan f\u00f6rhindrar uppbyggnad av plack och underl\u00e4ttar reng\u00f6ring.<\/p>\n<p><strong><b>Ditt leendes eviga v\u00e4ktare.<\/b><\/strong><\/p>\n<p>Oavsett om du vill ha ett osynligt underh\u00e5ll eller vill uttrycka din unika stil \u00e4r Essence Retainers en p\u00e5litlig, bekv\u00e4m och snygg l\u00f6sning som bevarar ditt leende f\u00f6r alltid.<\/p>\n<p><strong><b>V\u00e4lj din nyans. S\u00e4kra ditt leende. Skina med sj\u00e4lvf\u00f6rtroende.<\/b><\/strong><\/p>","protected":false},"excerpt":{"rendered":"<p>Essence Retainers: The Final, Finishing Touch to Your Perfect Smile You&#8217;ve invested in your smile journey, and now it&#8217;s time to protect that investment for a lifetime. Essence Retainers are the ultimate guardians of your orthodontic results. Meticulously engineered from next-generation, medical-grade polymer, they offer a flawless combination of unwavering stability, all-day comfort, and discreet &hellip;<\/p>\n<p class=\"read-more\"> <a class=\"\" href=\"https:\/\/www.bestsmiletech.com\/sv\/product\/essence-retainers\/\"> <span class=\"screen-reader-text\">Essensh\u00e5llare<\/span> L\u00e4s mer \"<\/a><\/p>","protected":false},"featured_media":1586,"comment_status":"closed","ping_status":"closed","template":"","meta":{"site-sidebar-layout":"default","site-content-layout":"default","ast-global-header-display":"","ast-main-header-display":"","ast-hfb-above-header-display":"","ast-hfb-below-header-display":"","ast-hfb-mobile-header-display":"","site-post-title":"","ast-breadcrumbs-content":"","ast-featured-img":"","footer-sml-layout":"","theme-transparent-header-meta":"default","adv-header-id-meta":"","stick-header-meta":"","header-above-stick-meta":"","header-main-stick-meta":"","header-below-stick-meta":""},"product_cat":[18],"product_tag":[],"class_list":["post-1585","product","type-product","status-publish","has-post-thumbnail","hentry","product_cat-products","desktop-align-left","tablet-align-left","mobile-align-left","ast-product-gallery-layout-vertical-slider","ast-product-tabs-layout-horizontal"],"_links":{"self":[{"href":"https:\/\/www.bestsmiletech.com\/sv\/wp-json\/wp\/v2\/product\/1585","targetHints":{"allow":["GET"]}}],"collection":[{"href":"https:\/\/www.bestsmiletech.com\/sv\/wp-json\/wp\/v2\/product"}],"about":[{"href":"https:\/\/www.bestsmiletech.com\/sv\/wp-json\/wp\/v2\/types\/product"}],"replies":[{"embeddable":true,"href":"https:\/\/www.bestsmiletech.com\/sv\/wp-json\/wp\/v2\/comments?post=1585"}],"wp:featuredmedia":[{"embeddable":true,"href":"https:\/\/www.bestsmiletech.com\/sv\/wp-json\/wp\/v2\/media\/1586"}],"wp:attachment":[{"href":"https:\/\/www.bestsmiletech.com\/sv\/wp-json\/wp\/v2\/media?parent=1585"}],"wp:term":[{"taxonomy":"product_cat","embeddable":true,"href":"https:\/\/www.bestsmiletech.com\/sv\/wp-json\/wp\/v2\/product_cat?post=1585"},{"taxonomy":"product_tag","embeddable":true,"href":"https:\/\/www.bestsmiletech.com\/sv\/wp-json\/wp\/v2\/product_tag?post=1585"}],"curies":[{"name":"wp","href":"https:\/\/api.w.org\/{rel}","templated":true}]}}