{"id":1590,"date":"2025-09-12T16:28:03","date_gmt":"2025-09-12T08:28:03","guid":{"rendered":"http:\/\/www.bestsmiletech.com\/?post_type=product&#038;p=1590"},"modified":"2025-09-12T16:28:03","modified_gmt":"2025-09-12T08:28:03","slug":"clear-aligners","status":"publish","type":"product","link":"https:\/\/www.bestsmiletech.com\/sv\/product\/clear-aligners\/","title":{"rendered":"Clear Aligners"},"content":{"rendered":"<p><strong><b>B<\/b><\/strong><strong><b>est Smile Tech<\/b><\/strong><strong><b>\u00a0Klar <\/b><\/strong><strong><b>Aligners: Omdefiniering av ortodontisk excellens<\/b><\/strong><\/p>\n<p><strong><b>Personlig behandling, full\u00e4ndad.<\/b><\/strong><\/p>\n<p>Vi tror att varje leende \u00e4r unikt. V\u00e5ra Clear Aligners \u00e4r omsorgsfullt utformade utifr\u00e5n varje patients specifika kliniska behov, vilket s\u00e4kerst\u00e4ller en behandlingsplan som ger optimal korrigering och exceptionella resultat. Genom avancerad 3D-bildtagning och digital behandlingsplanering skapar vi en helt skr\u00e4ddarsydd v\u00e4g till ett friskare och mer sj\u00e4lvs\u00e4kert leende.<\/p>\n<p><strong><b>Avancerad tillverkning f\u00f6r \u00f6verl\u00e4gsen precision<\/b><\/strong><\/p>\n<p>Vi utnyttjar industriell 3D-printing och automatiserad tillverkningsteknik f\u00f6r att tillverka aligners med o\u00f6vertr\u00e4ffad noggrannhet och konsekvens. V\u00e5ra avancerade system \u00f6vertr\u00e4ffar begr\u00e4nsningarna f\u00f6r station\u00e4r intern produktion och m\u00f6jligg\u00f6r \u00f6verl\u00e4gsen precision, f\u00f6rb\u00e4ttrade materialegenskaper och felfri passform f\u00f6r varje behandlingssteg.<\/p>\n<p><strong><b>Steril, dammfri produktion f\u00f6r din s\u00e4kerhet<\/b><\/strong><\/p>\n<p>Varje Clear aligner tillverkas i en strikt kontrollerad, steril och dammfri milj\u00f6. V\u00e5rt fokus p\u00e5 hygien och kvalitet s\u00e4kerst\u00e4ller att varje aligner och retainer inte bara \u00e4r personlig utan ocks\u00e5 konstruerad med antibakteriella egenskaper f\u00f6r att fr\u00e4mja munh\u00e4lsan under hela din behandlingsresa.<\/p>\n<p><strong><b>Antibakteriellt material i tre lager f\u00f6r komfort och effektivitet<\/b><\/strong><\/p>\n<p>V\u00e5ra aligners \u00e4r tillverkade av en egenutvecklad termoplastisk polymer i tre lager som \u00e4r s\u00e4rskilt utformad f\u00f6r ortodontisk anv\u00e4ndning. Detta innovativa material kombinerar styrka, flexibilitet och transparens samtidigt som det inneh\u00e5ller antibakteriellt skydd - vilket g\u00f6r att dina st\u00f6dskenor f\u00f6rblir fr\u00e4scha, bekv\u00e4ma och effektiva under hela den dagliga anv\u00e4ndningen.<\/p>\n<p><strong><b>Upplev framtiden inom ortodonti<\/b><\/strong><\/p>\n<p>Med Best Smile Tech f\u00e5r du mer \u00e4n bara tandregleringsskenor - du f\u00e5r en s\u00f6ml\u00f6st integrerad l\u00f6sning som kombinerar medicinsk expertis, teknik av industriell kvalitet och kompromissl\u00f6sa kvalitetsstandarder.<\/p>\n<p><strong><b>Uppt\u00e4ck skillnaden med en verkligt skr\u00e4ddarsydd, precisionskonstruerad leendetransformation.<\/b><\/strong>\u200b<\/p>","protected":false},"excerpt":{"rendered":"<p>Best Smile Tech\u00a0Clear Aligners: Redefining Orthodontic Excellence\u200b Personalized Treatment, Perfected.\u200b\u200b We believe every smile is unique. Our clear aligners are meticulously crafted based on each patient\u2019s specific clinical needs, ensuring a treatment plan that delivers optimal correction and exceptional results. Through advanced 3D imaging and digital treatment planning, we create a fully customized path to &hellip;<\/p>\n<p class=\"read-more\"> <a class=\"\" href=\"https:\/\/www.bestsmiletech.com\/sv\/product\/clear-aligners\/\"> <span class=\"screen-reader-text\">Clear Aligners<\/span> L\u00e4s mer \"<\/a><\/p>","protected":false},"featured_media":1591,"comment_status":"closed","ping_status":"closed","template":"","meta":{"site-sidebar-layout":"default","site-content-layout":"default","ast-global-header-display":"","ast-main-header-display":"","ast-hfb-above-header-display":"","ast-hfb-below-header-display":"","ast-hfb-mobile-header-display":"","site-post-title":"","ast-breadcrumbs-content":"","ast-featured-img":"","footer-sml-layout":"","theme-transparent-header-meta":"default","adv-header-id-meta":"","stick-header-meta":"","header-above-stick-meta":"","header-main-stick-meta":"","header-below-stick-meta":""},"product_cat":[18],"product_tag":[],"class_list":["post-1590","product","type-product","status-publish","has-post-thumbnail","hentry","product_cat-products","desktop-align-left","tablet-align-left","mobile-align-left","ast-product-gallery-layout-vertical-slider","ast-product-tabs-layout-horizontal"],"_links":{"self":[{"href":"https:\/\/www.bestsmiletech.com\/sv\/wp-json\/wp\/v2\/product\/1590","targetHints":{"allow":["GET"]}}],"collection":[{"href":"https:\/\/www.bestsmiletech.com\/sv\/wp-json\/wp\/v2\/product"}],"about":[{"href":"https:\/\/www.bestsmiletech.com\/sv\/wp-json\/wp\/v2\/types\/product"}],"replies":[{"embeddable":true,"href":"https:\/\/www.bestsmiletech.com\/sv\/wp-json\/wp\/v2\/comments?post=1590"}],"wp:featuredmedia":[{"embeddable":true,"href":"https:\/\/www.bestsmiletech.com\/sv\/wp-json\/wp\/v2\/media\/1591"}],"wp:attachment":[{"href":"https:\/\/www.bestsmiletech.com\/sv\/wp-json\/wp\/v2\/media?parent=1590"}],"wp:term":[{"taxonomy":"product_cat","embeddable":true,"href":"https:\/\/www.bestsmiletech.com\/sv\/wp-json\/wp\/v2\/product_cat?post=1590"},{"taxonomy":"product_tag","embeddable":true,"href":"https:\/\/www.bestsmiletech.com\/sv\/wp-json\/wp\/v2\/product_tag?post=1590"}],"curies":[{"name":"wp","href":"https:\/\/api.w.org\/{rel}","templated":true}]}}