{"id":1585,"date":"2025-09-12T16:27:08","date_gmt":"2025-09-12T08:27:08","guid":{"rendered":"http:\/\/www.bestsmiletech.com\/?post_type=product&#038;p=1585"},"modified":"2025-09-12T16:27:09","modified_gmt":"2025-09-12T08:27:09","slug":"essence-retainers","status":"publish","type":"product","link":"https:\/\/www.bestsmiletech.com\/tr\/product\/essence-retainers\/","title":{"rendered":"Essence Retainers"},"content":{"rendered":"<p><strong><b>Essence Retainers: M\u00fckemmel G\u00fcl\u00fc\u015f\u00fcn\u00fcze Son Dokunu\u015f<\/b><\/strong><\/p>\n<p>G\u00fcl\u00fc\u015f yolculu\u011funuza yat\u0131r\u0131m yapt\u0131n\u0131z ve \u015fimdi bu yat\u0131r\u0131m\u0131 bir \u00f6m\u00fcr boyu koruma zaman\u0131. Essence Retainer'lar ortodontik sonu\u00e7lar\u0131n\u0131z\u0131n nihai koruyucular\u0131d\u0131r. Yeni nesil, t\u0131bbi s\u0131n\u0131f polimerden titizlikle tasarlanan bu \u00fcr\u00fcnler, sars\u0131lmaz stabilite, g\u00fcn boyu konfor ve g\u00f6ze \u00e7arpmayan \u015f\u0131kl\u0131\u011f\u0131n kusursuz bir kombinasyonunu sunar.<\/p>\n<p><strong><b>Tarz\u0131n\u0131z\u0131 \u0130fade Edin: Se\u00e7ilmi\u015f D\u00f6rt Renkten Olu\u015fan Bir Spektrum<\/b><\/strong><\/p>\n<p>Retainer'\u0131n\u0131z\u0131n sadece di\u015flerinizi de\u011fil, ki\u015fili\u011finizi de tamamlamas\u0131 gerekti\u011fine inan\u0131yoruz. Standart \u015feffafl\u0131\u011f\u0131n \u00f6tesine ge\u00e7in ve ya\u015fam tarz\u0131n\u0131za ve esteti\u011finize uygun bir renk tonu se\u00e7in.<\/p>\n<p><strong><b>Asyal\u0131 beyaz:<\/b><\/strong><strong><b>\u00a0<\/b><\/strong>Asya demografisinde yayg\u0131n olan do\u011fal di\u015f tonlar\u0131yla uyum sa\u011flamak i\u00e7in ustal\u0131kla kalibre edilmi\u015ftir. G\u00fcnl\u00fck profesyonel ve sosyal ortamlar i\u00e7in m\u00fckemmel, do\u011fal olarak canl\u0131 ve parlak bir g\u00f6r\u00fcn\u00fcm i\u00e7in ince, ayd\u0131nlat\u0131c\u0131 bir etki sa\u011flar.<\/p>\n<p><strong><b>Hollywood White:<\/b><\/strong><strong><b>\u00a0<\/b><\/strong>I\u015f\u0131l \u0131\u015f\u0131l parlak, kameraya haz\u0131r bir g\u00fcl\u00fcmsemeyi sevenler i\u00e7in. Bu renk, g\u00f6zle g\u00f6r\u00fcl\u00fcr bir beyazlatma etkisi sunarak \u00f6zel g\u00fcnler i\u00e7in g\u00fcven veren, g\u00f6z kama\u015ft\u0131r\u0131c\u0131, k\u0131rm\u0131z\u0131 hal\u0131 seviyesinde bir parlakl\u0131k sa\u011flar.<\/p>\n<p><strong><b>Kristal berrakl\u0131\u011f\u0131nda:<\/b><\/strong><strong><b>\u00a0<\/b><\/strong>En \u00fcst d\u00fczeyde gizlilik i\u00e7in klasik se\u00e7im. Ultra \u015feffaf malzememizden \u00fcretilmi\u015ftir, neredeyse tespit edilemez, size g\u00f6r\u00fcnmez bir g\u00fcven ve g\u00f6n\u00fcl rahatl\u0131\u011f\u0131 sunar. G\u00fcl\u00fc\u015f\u00fcn\u00fcz\u00fc koruman\u0131n \"kimse bilmeyecek\" s\u0131rr\u0131d\u0131r.<\/p>\n<p><strong><b>Oniks Siyah:<\/b><\/strong><strong><b>\u00a0<\/b><\/strong>Bireyselli\u011fin ve modern tarz\u0131n cesur bir ifadesi. Geleneklere meydan okuyun ve size \u00f6zg\u00fc bir g\u00f6r\u00fcn\u00fcm\u00fc kucaklay\u0131n. Modaya y\u00f6n veren bir etki yaratmak veya farkl\u0131 bir ki\u015fisel stili aksesuar olarak kullanmak i\u00e7in m\u00fckemmeldir.<\/p>\n<p><strong><b>\u00dcst\u00fcn Performans i\u00e7in Tasarland\u0131<\/b><\/strong><\/p>\n<p><strong><b>Hassas Uyum:<\/b><\/strong><strong><b>\u00a0<\/b><\/strong>Di\u015flerin kaymas\u0131n\u0131 etkili bir \u015fekilde \u00f6nleyen s\u0131k\u0131 ve g\u00fcvenli bir uyum sa\u011flamak i\u00e7in en son 3D bask\u0131 teknolojisi kullan\u0131larak dijital olarak \u00fcretilmi\u015ftir.<\/p>\n<p><strong><b>T\u00fcm G\u00fcn Konfor:<\/b><\/strong><strong><b>\u00a0<\/b><\/strong>Di\u015f etlerinize nazik\u00e7e oturmas\u0131 i\u00e7in Smooer teknolojisine sahiptir, tahri\u015fi ortadan kald\u0131r\u0131r ve gece g\u00fcnd\u00fcz takmay\u0131 kolayla\u015ft\u0131r\u0131r.<\/p>\n<p><strong><b>Dayan\u0131kl\u0131 ve Diren\u00e7li:<\/b><\/strong><strong><b>\u00a0<\/b><\/strong>Zaman i\u00e7inde b\u00fct\u00fcnl\u00fc\u011f\u00fcn\u00fc ve berrakl\u0131\u011f\u0131n\u0131 koruyan sert, leke tutmaz bir malzemeden \u00fcretilmi\u015ftir. P\u00fcr\u00fczs\u00fcz y\u00fczey, kolay temizlik i\u00e7in plak birikimini \u00f6nlemeye yard\u0131mc\u0131 olur.<\/p>\n<p><strong><b>G\u00fcl\u00fc\u015f\u00fcn\u00fcz\u00fcn Sonsuz Koruyucusu.<\/b><\/strong><\/p>\n<p>\u0130ster g\u00f6r\u00fcnmez bak\u0131m isteyin, ister benzersiz yetene\u011finizi ifade etmek isteyin, Essence Retainer'lar g\u00fcl\u00fcmsemenizi sonsuza dek korumak i\u00e7in g\u00fcvenilir, rahat ve \u015f\u0131k bir \u00e7\u00f6z\u00fcm sunar.<\/p>\n<p><strong><b>Renk tonunuzu se\u00e7in. G\u00fcl\u00fc\u015f\u00fcn\u00fcz\u00fc g\u00fcvence alt\u0131na al\u0131n. G\u00fcvenle parlay\u0131n.<\/b><\/strong><\/p>","protected":false},"excerpt":{"rendered":"<p>Essence Retainers: The Final, Finishing Touch to Your Perfect Smile You&#8217;ve invested in your smile journey, and now it&#8217;s time to protect that investment for a lifetime. Essence Retainers are the ultimate guardians of your orthodontic results. Meticulously engineered from next-generation, medical-grade polymer, they offer a flawless combination of unwavering stability, all-day comfort, and discreet &hellip;<\/p>\n<p class=\"read-more\"> <a class=\"\" href=\"https:\/\/www.bestsmiletech.com\/tr\/product\/essence-retainers\/\"> <span class=\"screen-reader-text\">Essence Retainers<\/span> Daha Fazla Oku \"<\/a><\/p>","protected":false},"featured_media":1586,"comment_status":"closed","ping_status":"closed","template":"","meta":{"site-sidebar-layout":"default","site-content-layout":"default","ast-global-header-display":"","ast-main-header-display":"","ast-hfb-above-header-display":"","ast-hfb-below-header-display":"","ast-hfb-mobile-header-display":"","site-post-title":"","ast-breadcrumbs-content":"","ast-featured-img":"","footer-sml-layout":"","theme-transparent-header-meta":"default","adv-header-id-meta":"","stick-header-meta":"","header-above-stick-meta":"","header-main-stick-meta":"","header-below-stick-meta":""},"product_cat":[18],"product_tag":[],"class_list":["post-1585","product","type-product","status-publish","has-post-thumbnail","hentry","product_cat-products","desktop-align-left","tablet-align-left","mobile-align-left","ast-product-gallery-layout-vertical-slider","ast-product-tabs-layout-horizontal"],"_links":{"self":[{"href":"https:\/\/www.bestsmiletech.com\/tr\/wp-json\/wp\/v2\/product\/1585","targetHints":{"allow":["GET"]}}],"collection":[{"href":"https:\/\/www.bestsmiletech.com\/tr\/wp-json\/wp\/v2\/product"}],"about":[{"href":"https:\/\/www.bestsmiletech.com\/tr\/wp-json\/wp\/v2\/types\/product"}],"replies":[{"embeddable":true,"href":"https:\/\/www.bestsmiletech.com\/tr\/wp-json\/wp\/v2\/comments?post=1585"}],"wp:featuredmedia":[{"embeddable":true,"href":"https:\/\/www.bestsmiletech.com\/tr\/wp-json\/wp\/v2\/media\/1586"}],"wp:attachment":[{"href":"https:\/\/www.bestsmiletech.com\/tr\/wp-json\/wp\/v2\/media?parent=1585"}],"wp:term":[{"taxonomy":"product_cat","embeddable":true,"href":"https:\/\/www.bestsmiletech.com\/tr\/wp-json\/wp\/v2\/product_cat?post=1585"},{"taxonomy":"product_tag","embeddable":true,"href":"https:\/\/www.bestsmiletech.com\/tr\/wp-json\/wp\/v2\/product_tag?post=1585"}],"curies":[{"name":"wp","href":"https:\/\/api.w.org\/{rel}","templated":true}]}}