{"id":1590,"date":"2025-09-12T16:28:03","date_gmt":"2025-09-12T08:28:03","guid":{"rendered":"http:\/\/www.bestsmiletech.com\/?post_type=product&#038;p=1590"},"modified":"2025-09-12T16:28:03","modified_gmt":"2025-09-12T08:28:03","slug":"clear-aligners","status":"publish","type":"product","link":"https:\/\/www.bestsmiletech.com\/tr\/product\/clear-aligners\/","title":{"rendered":"\u015eeffaf Hizalay\u0131c\u0131lar"},"content":{"rendered":"<p><strong><b>B<\/b><\/strong><strong><b>est Smile Tech<\/b><\/strong><strong><b>\u00a0Temiz <\/b><\/strong><strong><b>Aligners: Ortodontik M\u00fckemmelli\u011fi Yeniden Tan\u0131mlamak<\/b><\/strong><\/p>\n<p><strong><b>Ki\u015fiselle\u015ftirilmi\u015f Tedavi, M\u00fckemmelle\u015ftirilmi\u015f.<\/b><\/strong><\/p>\n<p>Her g\u00fcl\u00fc\u015f\u00fcn benzersiz oldu\u011funa inan\u0131yoruz. \u015eeffaf plaklar\u0131m\u0131z, her hastan\u0131n \u00f6zel klinik ihtiya\u00e7lar\u0131na g\u00f6re titizlikle haz\u0131rlan\u0131r ve optimum d\u00fczeltme ve ola\u011fan\u00fcst\u00fc sonu\u00e7lar sa\u011flayan bir tedavi plan\u0131 sa\u011flar. Geli\u015fmi\u015f 3D g\u00f6r\u00fcnt\u00fcleme ve dijital tedavi planlamas\u0131 sayesinde, daha sa\u011fl\u0131kl\u0131 ve kendinden emin bir g\u00fcl\u00fcmsemeye giden tamamen \u00f6zelle\u015ftirilmi\u015f bir yol olu\u015fturuyoruz.<\/p>\n<p><strong><b>\u00dcst\u00fcn Hassasiyet i\u00e7in Son Teknoloji \u00dcretim<\/b><\/strong><\/p>\n<p>E\u015fsiz do\u011fruluk ve tutarl\u0131l\u0131kta hizalay\u0131c\u0131lar \u00fcretmek i\u00e7in end\u00fcstriyel \u00f6l\u00e7ekte 3D bask\u0131 ve otomatik \u00fcretim teknolojilerinden yararlan\u0131yoruz. Geli\u015fmi\u015f sistemlerimiz, masa\u00fcst\u00fc kurum i\u00e7i \u00fcretimin s\u0131n\u0131rlar\u0131n\u0131 a\u015farak \u00fcst\u00fcn hassasiyet, geli\u015fmi\u015f malzeme \u00f6zellikleri ve tedavinin her a\u015famas\u0131 i\u00e7in kusursuz uyum sa\u011flar.<\/p>\n<p><strong><b>G\u00fcvenli\u011finiz i\u00e7in Steril, Tozsuz \u00dcretim<\/b><\/strong><\/p>\n<p>Her Clear aligner s\u0131k\u0131 bir \u015fekilde kontrol edilen, steril ve tozsuz bir ortamda \u00fcretilir. Hijyen ve kaliteye odaklanmam\u0131z, her bir plak ve tutucunun yaln\u0131zca ki\u015fiselle\u015ftirilmesini de\u011fil, ayn\u0131 zamanda tedavi yolculu\u011funuz boyunca a\u011f\u0131z sa\u011fl\u0131\u011f\u0131n\u0131 desteklemek i\u00e7in antibakteriyel \u00f6zelliklerle tasarlanmas\u0131n\u0131 sa\u011flar.<\/p>\n<p><strong><b>Konfor ve Etkililik i\u00e7in Antibakteriyel \u00dc\u00e7 Katmanl\u0131 Malzeme<\/b><\/strong><\/p>\n<p>Hizalay\u0131c\u0131lar\u0131m\u0131z, ortodontik kullan\u0131m i\u00e7in \u00f6zel olarak tasarlanm\u0131\u015f tescilli \u00fc\u00e7 katmanl\u0131 bir termoplastik polimerden yap\u0131lm\u0131\u015ft\u0131r. Bu yenilik\u00e7i malzeme g\u00fc\u00e7, esneklik ve \u015feffafl\u0131\u011f\u0131 bir araya getirirken antibakteriyel korumay\u0131 da i\u00e7ererek plaklar\u0131n\u0131z\u0131 g\u00fcnl\u00fck kullan\u0131m boyunca taze, rahat ve etkili tutar.<\/p>\n<p><strong><b>Ortodontinin Gelece\u011fini Deneyimleyin<\/b><\/strong><\/p>\n<p>Best Smile Tech ile \u015feffaf plaklardan \u00e7ok daha fazlas\u0131n\u0131 elde edersiniz; t\u0131bbi uzmanl\u0131k, end\u00fcstriyel d\u00fczeyde teknoloji ve tavizsiz kalite standartlar\u0131n\u0131 harmanlayan kusursuz bir \u015fekilde entegre edilmi\u015f bir \u00e7\u00f6z\u00fcmden faydalan\u0131rs\u0131n\u0131z.<\/p>\n<p><strong><b>Ger\u00e7ek anlamda ki\u015fiselle\u015ftirilmi\u015f, hassas m\u00fchendislik \u00fcr\u00fcn\u00fc bir g\u00fcl\u00fc\u015f d\u00f6n\u00fc\u015f\u00fcm\u00fcn\u00fcn fark\u0131n\u0131 ke\u015ffedin.<\/b><\/strong>\u200b<\/p>","protected":false},"excerpt":{"rendered":"<p>Best Smile Tech\u00a0Clear Aligners: Redefining Orthodontic Excellence\u200b Personalized Treatment, Perfected.\u200b\u200b We believe every smile is unique. Our clear aligners are meticulously crafted based on each patient\u2019s specific clinical needs, ensuring a treatment plan that delivers optimal correction and exceptional results. Through advanced 3D imaging and digital treatment planning, we create a fully customized path to &hellip;<\/p>\n<p class=\"read-more\"> <a class=\"\" href=\"https:\/\/www.bestsmiletech.com\/tr\/product\/clear-aligners\/\"> <span class=\"screen-reader-text\">\u015eeffaf Hizalay\u0131c\u0131lar<\/span> Daha Fazla Oku \"<\/a><\/p>","protected":false},"featured_media":1591,"comment_status":"closed","ping_status":"closed","template":"","meta":{"site-sidebar-layout":"default","site-content-layout":"default","ast-global-header-display":"","ast-main-header-display":"","ast-hfb-above-header-display":"","ast-hfb-below-header-display":"","ast-hfb-mobile-header-display":"","site-post-title":"","ast-breadcrumbs-content":"","ast-featured-img":"","footer-sml-layout":"","theme-transparent-header-meta":"default","adv-header-id-meta":"","stick-header-meta":"","header-above-stick-meta":"","header-main-stick-meta":"","header-below-stick-meta":""},"product_cat":[18],"product_tag":[],"class_list":["post-1590","product","type-product","status-publish","has-post-thumbnail","hentry","product_cat-products","desktop-align-left","tablet-align-left","mobile-align-left","ast-product-gallery-layout-vertical-slider","ast-product-tabs-layout-horizontal"],"_links":{"self":[{"href":"https:\/\/www.bestsmiletech.com\/tr\/wp-json\/wp\/v2\/product\/1590","targetHints":{"allow":["GET"]}}],"collection":[{"href":"https:\/\/www.bestsmiletech.com\/tr\/wp-json\/wp\/v2\/product"}],"about":[{"href":"https:\/\/www.bestsmiletech.com\/tr\/wp-json\/wp\/v2\/types\/product"}],"replies":[{"embeddable":true,"href":"https:\/\/www.bestsmiletech.com\/tr\/wp-json\/wp\/v2\/comments?post=1590"}],"wp:featuredmedia":[{"embeddable":true,"href":"https:\/\/www.bestsmiletech.com\/tr\/wp-json\/wp\/v2\/media\/1591"}],"wp:attachment":[{"href":"https:\/\/www.bestsmiletech.com\/tr\/wp-json\/wp\/v2\/media?parent=1590"}],"wp:term":[{"taxonomy":"product_cat","embeddable":true,"href":"https:\/\/www.bestsmiletech.com\/tr\/wp-json\/wp\/v2\/product_cat?post=1590"},{"taxonomy":"product_tag","embeddable":true,"href":"https:\/\/www.bestsmiletech.com\/tr\/wp-json\/wp\/v2\/product_tag?post=1590"}],"curies":[{"name":"wp","href":"https:\/\/api.w.org\/{rel}","templated":true}]}}